{"id":101,"date":"2016-11-12T13:00:59","date_gmt":"2016-11-12T12:00:59","guid":{"rendered":"http:\/\/geoprofil.pl\/?page_id=101"},"modified":"2019-11-03T00:18:52","modified_gmt":"2019-11-02T23:18:52","slug":"ochrona-srodowiska","status":"publish","type":"page","link":"https:\/\/geoprofil.pl\/index.php\/oferta\/ochrona-srodowiska\/","title":{"rendered":"OCHRONA \u015aRODOWISKA"},"content":{"rendered":"<div class='content-column three_fourth'><div style=\"padding-right:20px;\"><ul>\n<li>raporty\/oceny oddzia\u0142ywania przedsi\u0119wzi\u0119\u0107 na \u015brodowisko<\/li>\n<li>przygotowanie materia\u0142\u00f3w do decyzji o \u015brodowiskowych uwarunkowaniach zgody na realizacj\u0119 przedsi\u0119wzi\u0119cia<\/li>\n<li>wnioski o wydanie decyzji o \u015brodowiskowych uwarunkowaniach realizacji przedsi\u0119wzi\u0119cia<\/li>\n<li>programy ochrony \u015brodowiska<\/li>\n<li>plany gospodarki odpadami<\/li>\n<li>projektowanie i prowadzenie monitoringu lokalnego i regionalnego:\n<ul>\n<li>w\u00f3d podziemnych<\/li>\n<li>powietrza<\/li>\n<li>gleb<\/li>\n<\/ul>\n<\/li>\n<li>badanie zasi\u0119gu rozprzestrzenienia zanieczyszcze\u0144 w uk\u0142adzie poziomym i pionowym<\/li>\n<li>pobieranie pr\u00f3bek w\u00f3d podziemnych i powierzchniowych oraz gleb<\/li>\n<li>badania terenowe z zakresu ochrony \u015brodowiska<\/li>\n<\/ul><\/div><\/div>\n<div class='content-column one_fourth last_column'><p><img loading=\"lazy\" decoding=\"async\" class=\"size-full wp-image-459 aligncenter\" src=\"http:\/\/geoprofil.pl\/wp-content\/uploads\/2019\/11\/rzeka.jpg\" alt=\"\" width=\"285\" height=\"380\" srcset=\"https:\/\/geoprofil.pl\/wp-content\/uploads\/2019\/11\/rzeka.jpg 285w, https:\/\/geoprofil.pl\/wp-content\/uploads\/2019\/11\/rzeka-225x300.jpg 225w\" sizes=\"auto, (max-width: 285px) 100vw, 285px\" \/><\/p><\/div><div class='clear_column'><\/div>\n","protected":false},"excerpt":{"rendered":"","protected":false},"author":1,"featured_media":0,"parent":20,"menu_order":0,"comment_status":"closed","ping_status":"closed","template":"","meta":{"footnotes":""},"class_list":["post-101","page","type-page","status-publish","hentry"],"_links":{"self":[{"href":"https:\/\/geoprofil.pl\/index.php\/wp-json\/wp\/v2\/pages\/101","targetHints":{"allow":["GET"]}}],"collection":[{"href":"https:\/\/geoprofil.pl\/index.php\/wp-json\/wp\/v2\/pages"}],"about":[{"href":"https:\/\/geoprofil.pl\/index.php\/wp-json\/wp\/v2\/types\/page"}],"author":[{"embeddable":true,"href":"https:\/\/geoprofil.pl\/index.php\/wp-json\/wp\/v2\/users\/1"}],"replies":[{"embeddable":true,"href":"https:\/\/geoprofil.pl\/index.php\/wp-json\/wp\/v2\/comments?post=101"}],"version-history":[{"count":9,"href":"https:\/\/geoprofil.pl\/index.php\/wp-json\/wp\/v2\/pages\/101\/revisions"}],"predecessor-version":[{"id":460,"href":"https:\/\/geoprofil.pl\/index.php\/wp-json\/wp\/v2\/pages\/101\/revisions\/460"}],"up":[{"embeddable":true,"href":"https:\/\/geoprofil.pl\/index.php\/wp-json\/wp\/v2\/pages\/20"}],"wp:attachment":[{"href":"https:\/\/geoprofil.pl\/index.php\/wp-json\/wp\/v2\/media?parent=101"}],"curies":[{"name":"wp","href":"https:\/\/api.w.org\/{rel}","templated":true}]}}