{"id":103,"date":"2016-11-12T13:01:32","date_gmt":"2016-11-12T12:01:32","guid":{"rendered":"http:\/\/geoprofil.pl\/?page_id=103"},"modified":"2019-11-02T23:46:40","modified_gmt":"2019-11-02T22:46:40","slug":"surowce-lecznicze","status":"publish","type":"page","link":"https:\/\/geoprofil.pl\/index.php\/oferta\/surowce-lecznicze\/","title":{"rendered":"SUROWCE LECZNICZE"},"content":{"rendered":"<div class='content-column three_fourth'><div style=\"padding-right:20px;\"><ul>\n<li>prace poszukiwawczo &#8211; rozpoznawcze z\u0142\u00f3\u017c surowc\u00f3w leczniczych, w tym solanek, w\u00f3d leczniczych i termalnych:\n<ul>\n<li>projekty prac geologicznych<\/li>\n<li>nadz\u00f3r geologiczny nad prowadzonymi pracami<\/li>\n<li>dokumentacje geologiczne i hydrogeologiczne<\/li>\n<\/ul>\n<\/li>\n<li>wnioski o udzielenie koncesji na:\n<ul>\n<li>poszukiwanie i rozpoznanie z\u0142\u00f3\u017c<\/li>\n<li>eksploatacj\u0119 z\u0142\u00f3\u017c<\/li>\n<\/ul>\n<\/li>\n<li>wnioski o zmian\u0119 koncesji<\/li>\n<li>projekty zagospodarowania z\u0142\u00f3\u017c<\/li>\n<li>operaty ewidencyjne z\u0142\u00f3\u017c kopalin<\/li>\n<li>roczne analizy gospodarki z\u0142o\u017cem<\/li>\n<li>plany ruchu zak\u0142ad\u00f3w g\u00f3rniczych<\/li>\n<li>prowadzenie ruchu zak\u0142adu g\u00f3rniczego eksploatuj\u0105cego kopaliny otworami wiertniczymi<\/li>\n<li>operaty uzdrowiskowe<\/li>\n<li>wycena informacji geologicznej<\/li>\n<\/ul><\/div><\/div>\n<div class='content-column one_fourth last_column'><p><img loading=\"lazy\" decoding=\"async\" class=\"size-full wp-image-428 aligncenter\" src=\"http:\/\/geoprofil.pl\/wp-content\/uploads\/2019\/11\/zrodlo.jpg\" alt=\"\" width=\"285\" height=\"380\" srcset=\"https:\/\/geoprofil.pl\/wp-content\/uploads\/2019\/11\/zrodlo.jpg 285w, https:\/\/geoprofil.pl\/wp-content\/uploads\/2019\/11\/zrodlo-225x300.jpg 225w\" sizes=\"auto, (max-width: 285px) 100vw, 285px\" \/><\/p><\/div><div class='clear_column'><\/div>\n","protected":false},"excerpt":{"rendered":"","protected":false},"author":1,"featured_media":0,"parent":20,"menu_order":0,"comment_status":"closed","ping_status":"closed","template":"","meta":{"footnotes":""},"class_list":["post-103","page","type-page","status-publish","hentry"],"_links":{"self":[{"href":"https:\/\/geoprofil.pl\/index.php\/wp-json\/wp\/v2\/pages\/103","targetHints":{"allow":["GET"]}}],"collection":[{"href":"https:\/\/geoprofil.pl\/index.php\/wp-json\/wp\/v2\/pages"}],"about":[{"href":"https:\/\/geoprofil.pl\/index.php\/wp-json\/wp\/v2\/types\/page"}],"author":[{"embeddable":true,"href":"https:\/\/geoprofil.pl\/index.php\/wp-json\/wp\/v2\/users\/1"}],"replies":[{"embeddable":true,"href":"https:\/\/geoprofil.pl\/index.php\/wp-json\/wp\/v2\/comments?post=103"}],"version-history":[{"count":4,"href":"https:\/\/geoprofil.pl\/index.php\/wp-json\/wp\/v2\/pages\/103\/revisions"}],"predecessor-version":[{"id":450,"href":"https:\/\/geoprofil.pl\/index.php\/wp-json\/wp\/v2\/pages\/103\/revisions\/450"}],"up":[{"embeddable":true,"href":"https:\/\/geoprofil.pl\/index.php\/wp-json\/wp\/v2\/pages\/20"}],"wp:attachment":[{"href":"https:\/\/geoprofil.pl\/index.php\/wp-json\/wp\/v2\/media?parent=103"}],"curies":[{"name":"wp","href":"https:\/\/api.w.org\/{rel}","templated":true}]}}