{"id":107,"date":"2016-11-12T13:02:22","date_gmt":"2016-11-12T12:02:22","guid":{"rendered":"http:\/\/geoprofil.pl\/?page_id=107"},"modified":"2019-11-03T00:29:07","modified_gmt":"2019-11-02T23:29:07","slug":"kartografia-i-gis","status":"publish","type":"page","link":"https:\/\/geoprofil.pl\/index.php\/oferta\/kartografia-i-gis\/","title":{"rendered":"KARTOGRAFIA I GIS"},"content":{"rendered":"<div id=\"incl\">\n<div class='content-column three_fourth'><div style=\"padding-right:20px;\"><ul>\n<li id=\"lpunkt\">mapy hydrogeologiczne Polski w skali 1:50 000<\/li>\n<li>mapy geologiczno-gospodarcze dla gmin w skali 1:25 000<\/li>\n<li>mapy specjalne:\n<ul>\n<li>sozologiczne<\/li>\n<li>jako\u015bci w\u00f3d<\/li>\n<li>hydrogeochemiczne<\/li>\n<li>zasob\u00f3w w\u00f3d<\/li>\n<\/ul>\n<\/li>\n<li>mapy g\u00f3rnicze (podstawowe, przegl\u0105dowe i specjalne)<\/li>\n<li>inne mapy tematyczne<\/li>\n<\/ul>\n<p>Mapy zestawiane s\u0105 z zastosowaniem Systemu Informacji Geograficznej (GIS) w programie MapInfo.<\/p>\n<p><b>Systemy Informacji Geograficznej &#8211; GIS<\/b> to najlepszy spos\u00f3b na wielop\u0142aszczyznowe i jednocze\u015bnie bardzo szczeg\u00f3\u0142owe przedstawienie obrazu powierzchni Ziemi. Baza danych przestrzennych GIS sk\u0142ada si\u0119 zasadniczo z dw\u00f3ch r\u00f3\u017cnych rodzaj\u00f3w danych, przestrzennych i opisowych.<\/p>\n<p><b>Dane przestrzenne<\/b>, dla kt\u00f3rych punktem wyj\u015bcia s\u0105 dane lokalizacyjne obiekt\u00f3w geograficznych, zawieraj\u0105 informacje o lokalizacji bezwzgl\u0119dnej poszczeg\u00f3lnych obiekt\u00f3w w wybranym uk\u0142adzie odniesienia, o\u00a0rozmieszczeniu wzajemnym wzgl\u0119dem innych obiekt\u00f3w oraz o kszta\u0142cie obiektu.<\/p>\n<p><b>Dane opisowe<\/b> (atrybutowe) dotycz\u0105 cech ilo\u015bciowych lub jako\u015bciowych obiekt\u00f3w geograficznych nie zwi\u0105zane z ich umiejscowieniem w przestrzeni.<\/p>\n<p>Opracowania przekazujemy w wersji drukowanej (r\u00f3wnie\u017c formaty ploterowe) lub zestawione jako cyfrowa geograficzna baza danych.<\/p><\/div><\/div>\n<div class='content-column one_fourth last_column'><img loading=\"lazy\" decoding=\"async\" class=\"size-full wp-image-464 aligncenter\" src=\"http:\/\/geoprofil.pl\/wp-content\/uploads\/2019\/11\/mapa.jpg\" alt=\"\" width=\"285\" height=\"214\" \/><\/p>\n<p><img loading=\"lazy\" decoding=\"async\" class=\"size-full wp-image-282 aligncenter\" src=\"http:\/\/geoprofil.pl\/wp-content\/uploads\/2016\/11\/011.jpg\" alt=\"011\" width=\"285\" height=\"262\" \/><\/p><\/div><div class='clear_column'><\/div>\n<\/div>\n","protected":false},"excerpt":{"rendered":"","protected":false},"author":1,"featured_media":0,"parent":20,"menu_order":0,"comment_status":"closed","ping_status":"closed","template":"","meta":{"footnotes":""},"class_list":["post-107","page","type-page","status-publish","hentry"],"_links":{"self":[{"href":"https:\/\/geoprofil.pl\/index.php\/wp-json\/wp\/v2\/pages\/107","targetHints":{"allow":["GET"]}}],"collection":[{"href":"https:\/\/geoprofil.pl\/index.php\/wp-json\/wp\/v2\/pages"}],"about":[{"href":"https:\/\/geoprofil.pl\/index.php\/wp-json\/wp\/v2\/types\/page"}],"author":[{"embeddable":true,"href":"https:\/\/geoprofil.pl\/index.php\/wp-json\/wp\/v2\/users\/1"}],"replies":[{"embeddable":true,"href":"https:\/\/geoprofil.pl\/index.php\/wp-json\/wp\/v2\/comments?post=107"}],"version-history":[{"count":6,"href":"https:\/\/geoprofil.pl\/index.php\/wp-json\/wp\/v2\/pages\/107\/revisions"}],"predecessor-version":[{"id":466,"href":"https:\/\/geoprofil.pl\/index.php\/wp-json\/wp\/v2\/pages\/107\/revisions\/466"}],"up":[{"embeddable":true,"href":"https:\/\/geoprofil.pl\/index.php\/wp-json\/wp\/v2\/pages\/20"}],"wp:attachment":[{"href":"https:\/\/geoprofil.pl\/index.php\/wp-json\/wp\/v2\/media?parent=107"}],"curies":[{"name":"wp","href":"https:\/\/api.w.org\/{rel}","templated":true}]}}