{"id":110,"date":"2016-11-12T13:03:22","date_gmt":"2016-11-12T12:03:22","guid":{"rendered":"http:\/\/geoprofil.pl\/?page_id=110"},"modified":"2016-11-14T00:09:27","modified_gmt":"2016-11-13T23:09:27","slug":"uslugi-doradcze","status":"publish","type":"page","link":"https:\/\/geoprofil.pl\/index.php\/oferta\/uslugi-doradcze\/","title":{"rendered":"US\u0141UGI DORADCZE"},"content":{"rendered":"<div class='content-column three_fourth'><div style=\"padding-right:20px;\"><ul>\n<li>wnioski koncesyjne na:\n<ul>\n<li>poszukiwanie i rozpoznanie z\u0142\u00f3\u017c kopalin, w tym solanek, w\u00f3d leczniczych i termalnych,<\/li>\n<li>eksploatacj\u0119 z\u0142\u00f3\u017c kopalin, w tym solanek, w\u00f3d leczniczych i termalnych<\/li>\n<\/ul>\n<\/li>\n<li>ekspertyzy i us\u0142ugi doradcze w zakresie poszukiwania z\u0142\u00f3\u017c w\u00f3d leczniczych i potencjalnie leczniczych<\/li>\n<li>us\u0142ugi doradcze w zakresie uzyskiwania koncesji na poszukiwanie, rozpoznanie i eksploatacj\u0119 z\u0142\u00f3\u017c kopalin<\/li>\n<li>wyceny informacji geologicznej<\/li>\n<\/ul><\/div><\/div>\n<div class='content-column one_fourth last_column'><p><img loading=\"lazy\" decoding=\"async\" class=\"size-full wp-image-283 aligncenter\" src=\"http:\/\/geoprofil.pl\/wp-content\/uploads\/2016\/11\/012.jpg\" alt=\"012\" width=\"285\" height=\"214\" \/><\/p><\/div><div class='clear_column'><\/div>\n","protected":false},"excerpt":{"rendered":"","protected":false},"author":1,"featured_media":0,"parent":20,"menu_order":0,"comment_status":"closed","ping_status":"closed","template":"","meta":{"footnotes":""},"class_list":["post-110","page","type-page","status-publish","hentry"],"_links":{"self":[{"href":"https:\/\/geoprofil.pl\/index.php\/wp-json\/wp\/v2\/pages\/110","targetHints":{"allow":["GET"]}}],"collection":[{"href":"https:\/\/geoprofil.pl\/index.php\/wp-json\/wp\/v2\/pages"}],"about":[{"href":"https:\/\/geoprofil.pl\/index.php\/wp-json\/wp\/v2\/types\/page"}],"author":[{"embeddable":true,"href":"https:\/\/geoprofil.pl\/index.php\/wp-json\/wp\/v2\/users\/1"}],"replies":[{"embeddable":true,"href":"https:\/\/geoprofil.pl\/index.php\/wp-json\/wp\/v2\/comments?post=110"}],"version-history":[{"count":4,"href":"https:\/\/geoprofil.pl\/index.php\/wp-json\/wp\/v2\/pages\/110\/revisions"}],"predecessor-version":[{"id":299,"href":"https:\/\/geoprofil.pl\/index.php\/wp-json\/wp\/v2\/pages\/110\/revisions\/299"}],"up":[{"embeddable":true,"href":"https:\/\/geoprofil.pl\/index.php\/wp-json\/wp\/v2\/pages\/20"}],"wp:attachment":[{"href":"https:\/\/geoprofil.pl\/index.php\/wp-json\/wp\/v2\/media?parent=110"}],"curies":[{"name":"wp","href":"https:\/\/api.w.org\/{rel}","templated":true}]}}