{"id":2,"date":"2016-11-11T13:29:54","date_gmt":"2016-11-11T12:29:54","guid":{"rendered":"http:\/\/geoprofil.pl\/?page_id=2"},"modified":"2019-11-03T01:22:54","modified_gmt":"2019-11-03T00:22:54","slug":"start","status":"publish","type":"page","link":"https:\/\/geoprofil.pl\/","title":{"rendered":"DO\u015aWIADCZENIE I PROFESJONALIZM"},"content":{"rendered":"<p style=\"text-align: center;\"><strong>Jeste\u015bmy firm\u0105 zajmuj\u0105c\u0105 si\u0119 kompleksow\u0105 obs\u0142ug\u0105 geologiczn\u0105 instytucji, podmiot\u00f3w gospodarczych oraz os\u00f3b prywatnych. Wieloletnia obecno\u015b\u0107 naszego zespo\u0142u na rynku us\u0142ug geologicznych zaowocowa\u0142a zdobyciem bogatego do\u015bwiadczenia w bran\u017cy geologicznej i spokrewnionych dziedzinach in\u017cynieryjno-technicznych.<\/strong><\/p>\n<p style=\"text-align: center;\"><strong>Zapewniamy rzetelne i profesjonalne wykonanie zleconych nam prac.<\/strong><\/p>\n<hr \/>\n","protected":false},"excerpt":{"rendered":"<p>Jeste\u015bmy firm\u0105 zajmuj\u0105c\u0105 si\u0119 kompleksow\u0105 obs\u0142ug\u0105 geologiczn\u0105 instytucji, podmiot\u00f3w gospodarczych oraz os\u00f3b prywatnych. Wieloletnia obecno\u015b\u0107 naszego zespo\u0142u na rynku us\u0142ug geologicznych zaowocowa\u0142a zdobyciem bogatego do\u015bwiadczenia w bran\u017cy geologicznej i spokrewnionych dziedzinach in\u017cynieryjno-technicznych. Zapewniamy rzetelne i profesjonalne wykonanie zleconych nam prac.<\/p>\n","protected":false},"author":1,"featured_media":0,"parent":0,"menu_order":0,"comment_status":"closed","ping_status":"open","template":"","meta":{"footnotes":""},"class_list":["post-2","page","type-page","status-publish","hentry"],"_links":{"self":[{"href":"https:\/\/geoprofil.pl\/index.php\/wp-json\/wp\/v2\/pages\/2","targetHints":{"allow":["GET"]}}],"collection":[{"href":"https:\/\/geoprofil.pl\/index.php\/wp-json\/wp\/v2\/pages"}],"about":[{"href":"https:\/\/geoprofil.pl\/index.php\/wp-json\/wp\/v2\/types\/page"}],"author":[{"embeddable":true,"href":"https:\/\/geoprofil.pl\/index.php\/wp-json\/wp\/v2\/users\/1"}],"replies":[{"embeddable":true,"href":"https:\/\/geoprofil.pl\/index.php\/wp-json\/wp\/v2\/comments?post=2"}],"version-history":[{"count":19,"href":"https:\/\/geoprofil.pl\/index.php\/wp-json\/wp\/v2\/pages\/2\/revisions"}],"predecessor-version":[{"id":495,"href":"https:\/\/geoprofil.pl\/index.php\/wp-json\/wp\/v2\/pages\/2\/revisions\/495"}],"wp:attachment":[{"href":"https:\/\/geoprofil.pl\/index.php\/wp-json\/wp\/v2\/media?parent=2"}],"curies":[{"name":"wp","href":"https:\/\/api.w.org\/{rel}","templated":true}]}}