{"id":70,"date":"2016-11-12T01:57:51","date_gmt":"2016-11-12T00:57:51","guid":{"rendered":"http:\/\/geoprofil.pl\/?page_id=70"},"modified":"2026-03-01T22:25:30","modified_gmt":"2026-03-01T21:25:30","slug":"prace","status":"publish","type":"page","link":"https:\/\/geoprofil.pl\/index.php\/prace\/","title":{"rendered":"PRACE"},"content":{"rendered":"<div class='content-column three_fourth'><div style=\"padding-right:20px;\">Dotychczas wykonane prace realizowane by\u0142y na zlecenie organ\u00f3w administracji geologicznej, samorz\u0105d\u00f3w lokalnych oraz przedsi\u0119biorc\u00f3w prywatnych.<\/p>\n<ul>\n<li>projekty rob\u00f3t na wykonanie uj\u0119\u0107 w\u00f3d zwyk\u0142ych wraz z dokumentacjami hydrogeologicznymi ustalaj\u0105cymi zasoby eksploatacyjne uj\u0119\u0107 w\u00f3d zwyk\u0142ych w wojew\u00f3dztwie ma\u0142opolskim, \u015bl\u0105skim, \u015bwi\u0119tokrzyskim<\/li>\n<li>dokumentacje hydrogeologiczne ustalaj\u0105ce zasoby eksploatacyjne w\u00f3d leczniczych w Muszynie,\u00a0 \u017begiestowie-Zdroju, Szczawniku, Z\u0142ockiem, Krakowie, Fredropolu<\/li>\n<li>dokumentacje hydrogeologiczne ustalaj\u0105ce zasoby eksploatacyjne w\u00f3d termalnych w Zakopanem, Poroninie, Bia\u0142ce Tatrza\u0144skiej, Sieradzu, Kole, Turku, Koninie, D\u017awirzynie, Wo\u0142ominie, W\u0105growcu, Otwocku<\/li>\n<li>dokumentacje hydrogeologiczne okre\u015blaj\u0105ce warunki hydrogeologiczne w zwi\u0105zku z:\n<ul>\n<li>odwadnianiem kopalni odkrywkowej dolomitu w Siewierzu<\/li>\n<\/ul>\n<\/li>\n<li>dokumentacje geologiczno-in\u017cynierskie na potrzeby planowania przestrzennego w Krakowie<\/li>\n<li>projekty prac\/rob\u00f3t geologicznych na wykonanie otwor\u00f3w poszukiwawczo-rozpoznawczych w celu uj\u0119cia w\u00f3d leczniczych w Muszynie, \u017begiestowie-Zdroju, Szczawniku, Z\u0142ockiem, Ci\u0119\u017ckowicach, Fredropolu<\/li>\n<li>projekty rob\u00f3t geologicznych na wykonanie otwor\u00f3w poszukiwawczo-rozpoznawczych w celu uj\u0119cia w\u00f3d termalnych na Podhalu, w Piasecznie, \u0141odzi, Szulcu k. Kielc, W\u0105growcu, Rabce-Zdroju, Policach, Ko\u0144skich, Moszczenicy, Sierpcu, Nowym Dworze Mazowieckim, B\u0142oniu, Jab\u0142onnej<\/li>\n<li>operaty wodnoprawne na pob\u00f3r w\u00f3d podziemnych, odprowadzenie \u015bciek\u00f3w, w\u00f3d opadowych oraz wykonanie urz\u0105dze\u0144 wodnych<\/li>\n<li>projekty stref ochronnych uj\u0119\u0107 w\u00f3d podziemnych<\/li>\n<li>projekty zagospodarowania z\u0142\u00f3\u017c w Busku-Zdroju, Muszynie, Zakopanem, Poroninie, Witowie, Krakowie, \u017begiestowie-Zdroju<\/li>\n<li>wnioski koncesyjne na eksploatacj\u0119 z\u0142\u00f3\u017c w\u00f3d leczniczych w Krakowie, Zakopanem, Muszynie, Szczawniku, Z\u0142ockiem, oraz w\u00f3d termalnych w Zakopanem, Poroninie i Witowie,<\/li>\n<li>operaty uzdrowiskowe dla gminy Gocza\u0142kowice-Zdr\u00f3j, gminy S\u0119kowa i miejscowo\u015bci Rabka-Zdr\u00f3j,<\/li>\n<li>plany ruchu zak\u0142ad\u00f3w g\u00f3rniczych wydobywaj\u0105cych kopaliny otworami wiertniczymi<\/li>\n<li>nadzory geologiczne nad wierceniami uj\u0119\u0107 w\u00f3d zwyk\u0142ych<\/li>\n<li>nadzory geologiczne nad badaniami hydrogeologicznymi w otworach termalnych i wierceniami uj\u0119\u0107 w\u00f3d termalnych Zakopane, Poronin, Sieradz, Ko\u0142o, D\u0119bica, S\u0119kowa, Bia\u0142y Dunajec, Ba\u0144ska, Bia\u0142ka Tatrza\u0144ska, D\u017awirzyno, W\u0105growiec, Konin, Wo\u0142omin, Otwock<\/li>\n<\/ul><\/div><\/div>\n<div class='content-column one_fourth last_column'><img loading=\"lazy\" decoding=\"async\" class=\"size-full wp-image-424 aligncenter\" src=\"http:\/\/geoprofil.pl\/wp-content\/uploads\/2019\/11\/wiertnia5.jpg\" alt=\"\" width=\"285\" height=\"380\" srcset=\"https:\/\/geoprofil.pl\/wp-content\/uploads\/2019\/11\/wiertnia5.jpg 285w, https:\/\/geoprofil.pl\/wp-content\/uploads\/2019\/11\/wiertnia5-225x300.jpg 225w\" sizes=\"auto, (max-width: 285px) 100vw, 285px\" \/><img loading=\"lazy\" decoding=\"async\" class=\"size-full wp-image-411 aligncenter\" src=\"http:\/\/geoprofil.pl\/wp-content\/uploads\/2019\/11\/filtr1.jpg\" alt=\"\" width=\"285\" height=\"214\" \/><\/p><\/div><div class='clear_column'><\/div>\n<div class='content-column one_fourth'><p><img loading=\"lazy\" decoding=\"async\" class=\"size-full wp-image-425 aligncenter\" src=\"http:\/\/geoprofil.pl\/wp-content\/uploads\/2019\/11\/wiertnia6.jpg\" alt=\"\" width=\"285\" height=\"380\" srcset=\"https:\/\/geoprofil.pl\/wp-content\/uploads\/2019\/11\/wiertnia6.jpg 285w, https:\/\/geoprofil.pl\/wp-content\/uploads\/2019\/11\/wiertnia6-225x300.jpg 225w\" sizes=\"auto, (max-width: 285px) 100vw, 285px\" \/><img loading=\"lazy\" decoding=\"async\" class=\"size-full wp-image-420 aligncenter\" src=\"http:\/\/geoprofil.pl\/wp-content\/uploads\/2019\/11\/wiertnia1.jpg\" alt=\"\" width=\"285\" height=\"214\" \/><\/div>\n<div class='content-column one_fourth'><p><img loading=\"lazy\" decoding=\"async\" class=\"size-full wp-image-416 aligncenter\" src=\"http:\/\/geoprofil.pl\/wp-content\/uploads\/2019\/11\/pompowanie1.jpg\" alt=\"\" width=\"285\" height=\"214\" \/><img loading=\"lazy\" decoding=\"async\" class=\"size-full wp-image-412 aligncenter\" src=\"http:\/\/geoprofil.pl\/wp-content\/uploads\/2019\/11\/filtr2.jpg\" alt=\"\" width=\"285\" height=\"380\" srcset=\"https:\/\/geoprofil.pl\/wp-content\/uploads\/2019\/11\/filtr2.jpg 285w, https:\/\/geoprofil.pl\/wp-content\/uploads\/2019\/11\/filtr2-225x300.jpg 225w\" sizes=\"auto, (max-width: 285px) 100vw, 285px\" \/><\/div>\n<div class='content-column one_fourth'><p><img loading=\"lazy\" decoding=\"async\" class=\"size-full wp-image-415 aligncenter\" src=\"http:\/\/geoprofil.pl\/wp-content\/uploads\/2019\/11\/pomiar2.jpg\" alt=\"\" width=\"285\" height=\"380\" srcset=\"https:\/\/geoprofil.pl\/wp-content\/uploads\/2019\/11\/pomiar2.jpg 285w, https:\/\/geoprofil.pl\/wp-content\/uploads\/2019\/11\/pomiar2-225x300.jpg 225w\" sizes=\"auto, (max-width: 285px) 100vw, 285px\" \/><img loading=\"lazy\" decoding=\"async\" class=\"size-full wp-image-417 aligncenter\" src=\"http:\/\/geoprofil.pl\/wp-content\/uploads\/2019\/11\/pompowanie2.jpg\" alt=\"\" width=\"285\" height=\"214\" \/><\/p><\/div>\n<div class='content-column one_fourth last_column'><p><img loading=\"lazy\" decoding=\"async\" class=\"size-full wp-image-455 aligncenter\" src=\"http:\/\/geoprofil.pl\/wp-content\/uploads\/2019\/11\/wiertnia8-1.jpg\" alt=\"\" width=\"285\" height=\"214\" \/><img loading=\"lazy\" decoding=\"async\" class=\"size-full wp-image-422 aligncenter\" src=\"http:\/\/geoprofil.pl\/wp-content\/uploads\/2019\/11\/wiertnia3.jpg\" alt=\"\" width=\"285\" height=\"380\" srcset=\"https:\/\/geoprofil.pl\/wp-content\/uploads\/2019\/11\/wiertnia3.jpg 285w, https:\/\/geoprofil.pl\/wp-content\/uploads\/2019\/11\/wiertnia3-225x300.jpg 225w\" sizes=\"auto, (max-width: 285px) 100vw, 285px\" \/><\/p><\/div><div class='clear_column'><\/div>\n","protected":false},"excerpt":{"rendered":"","protected":false},"author":1,"featured_media":0,"parent":0,"menu_order":0,"comment_status":"closed","ping_status":"closed","template":"","meta":{"footnotes":""},"class_list":["post-70","page","type-page","status-publish","hentry"],"_links":{"self":[{"href":"https:\/\/geoprofil.pl\/index.php\/wp-json\/wp\/v2\/pages\/70","targetHints":{"allow":["GET"]}}],"collection":[{"href":"https:\/\/geoprofil.pl\/index.php\/wp-json\/wp\/v2\/pages"}],"about":[{"href":"https:\/\/geoprofil.pl\/index.php\/wp-json\/wp\/v2\/types\/page"}],"author":[{"embeddable":true,"href":"https:\/\/geoprofil.pl\/index.php\/wp-json\/wp\/v2\/users\/1"}],"replies":[{"embeddable":true,"href":"https:\/\/geoprofil.pl\/index.php\/wp-json\/wp\/v2\/comments?post=70"}],"version-history":[{"count":34,"href":"https:\/\/geoprofil.pl\/index.php\/wp-json\/wp\/v2\/pages\/70\/revisions"}],"predecessor-version":[{"id":497,"href":"https:\/\/geoprofil.pl\/index.php\/wp-json\/wp\/v2\/pages\/70\/revisions\/497"}],"wp:attachment":[{"href":"https:\/\/geoprofil.pl\/index.php\/wp-json\/wp\/v2\/media?parent=70"}],"curies":[{"name":"wp","href":"https:\/\/api.w.org\/{rel}","templated":true}]}}