{"id":82,"date":"2016-11-12T02:38:46","date_gmt":"2016-11-12T01:38:46","guid":{"rendered":"http:\/\/geoprofil.pl\/?page_id=82"},"modified":"2019-11-02T21:12:14","modified_gmt":"2019-11-02T20:12:14","slug":"o-nas","status":"publish","type":"page","link":"https:\/\/geoprofil.pl\/index.php\/o-nas\/","title":{"rendered":"O NAS"},"content":{"rendered":"<p><div class='content-column three_fourth'><div style=\"padding-right:20px;\">Przedsi\u0119biorstwo Bada\u0144 Geologicznych GEOPROFIL jest firm\u0105 z wieloletni\u0105 tradycj\u0105 na rynku us\u0142ug geologicznych. Wysokie kwalifikacje pracownik\u00f3w oraz zaplecze techniczne firmy zapewniaj\u0105 rzetelne i profesjonalne wykonanie zleconych nam prac.<\/p>\n<h3>Pracownicy posiadaj\u0105 uprawnienia:<\/h3>\n<ul>\n<li>do wykonywania, dozorowania i kierowania pracami geologicznymi zwi\u0105zanymi z poszukiwaniem i rozpoznawaniem zasob\u00f3w w\u00f3d podziemnych, w tym solanek, w\u00f3d leczniczych i termalnych<\/li>\n<li>do wykonywania, dozorowania i kierowania pracami geologicznymi zwi\u0105zanymi z okre\u015blaniem warunk\u00f3w hydrogeologicznych w zwi\u0105zku z projektowaniem odwodnie\u0144 dla wydobywania kopalin ze z\u0142\u00f3\u017c, wt\u0142aczaniem w\u00f3d\u00a0do g\u00f3rotworu, projektowaniem odwodnie\u0144 budowlanych otworami wiertniczymi, projektowaniem inwestycji mog\u0105cych zanieczy\u015bci\u0107 wody podziemne, ustanawianiem obszar\u00f3w ochronnych zbiornik\u00f3w w\u00f3d podziemnych<\/li>\n<li>do wykonywania, dozorowania i kierowania pracami geologicznymi zwi\u0105zanymi z ustalaniem warunk\u00f3w geologiczno-in\u017cynierskich dla potrzeb zagospodarowania przestrzennego i posadowienia obiekt\u00f3w budowlanych<\/li>\n<li>geologa g\u00f3rniczego<\/li>\n<li>mierniczego g\u00f3rniczego<\/li>\n<li>kierownika ruchu zak\u0142adu g\u00f3rniczego wydobywaj\u0105cego kopaliny otworami wiertniczymi<\/li>\n<\/ul>\n<div id=\"lpunkt\">\n<h3>Posiadamy specjalistyczne oprogramowanie komputerowe:<\/h3>\n<ul>\n<li>AquaChem<\/li>\n<li>AquiferTest Pro<\/li>\n<li>CorelDRAW Graphics Suite<\/li>\n<li>GMS (Groundwater Modeling System)<\/li>\n<li>Grapher<\/li>\n<li>Surfer<\/li>\n<li>MapInfo<\/li>\n<\/ul>\n<h3>Wyposa\u017cenie sprz\u0119towe:<\/h3>\n<ul>\n<li>biuro wyposa\u017cone jest\u00a0 w wysokiej klasy komputery PC, ploter dla druk\u00f3w wielkoformatowch, drukarki laserowe monochromatyczne i kolorowe, skanery<\/li>\n<li>przyrz\u0105dy pomiarowe do terenowych bada\u0144 w\u00f3d<\/li>\n<li>specjalistyczny sprz\u0119t do pobierania pr\u00f3bek wody<\/li>\n<li>sprz\u0119t do bada\u0144 geotechnicznych i geologiczno-in\u017cynierskich<\/li>\n<li>sprz\u0119t do wykonywania pomiar\u00f3w st\u0119\u017cenia gaz\u00f3w w powietrzu podglebowym<\/li>\n<\/ul>\n<\/div><\/div><\/div><div class='content-column one_fourth last_column'><p><img loading=\"lazy\" decoding=\"async\" class=\"size-full wp-image-280 aligncenter\" src=\"http:\/\/geoprofil.pl\/wp-content\/uploads\/2016\/11\/009.png\" alt=\"009\" width=\"285\" height=\"306\" \/><\/p>\n<p><img loading=\"lazy\" decoding=\"async\" class=\"size-full wp-image-281 aligncenter\" src=\"http:\/\/geoprofil.pl\/wp-content\/uploads\/2016\/11\/010.png\" alt=\"010\" width=\"285\" height=\"285\" \/><\/p><\/div><div class='clear_column'><\/div><\/p>\n","protected":false},"excerpt":{"rendered":"","protected":false},"author":1,"featured_media":0,"parent":0,"menu_order":0,"comment_status":"closed","ping_status":"closed","template":"","meta":{"footnotes":""},"class_list":["post-82","page","type-page","status-publish","hentry"],"_links":{"self":[{"href":"https:\/\/geoprofil.pl\/index.php\/wp-json\/wp\/v2\/pages\/82","targetHints":{"allow":["GET"]}}],"collection":[{"href":"https:\/\/geoprofil.pl\/index.php\/wp-json\/wp\/v2\/pages"}],"about":[{"href":"https:\/\/geoprofil.pl\/index.php\/wp-json\/wp\/v2\/types\/page"}],"author":[{"embeddable":true,"href":"https:\/\/geoprofil.pl\/index.php\/wp-json\/wp\/v2\/users\/1"}],"replies":[{"embeddable":true,"href":"https:\/\/geoprofil.pl\/index.php\/wp-json\/wp\/v2\/comments?post=82"}],"version-history":[{"count":36,"href":"https:\/\/geoprofil.pl\/index.php\/wp-json\/wp\/v2\/pages\/82\/revisions"}],"predecessor-version":[{"id":447,"href":"https:\/\/geoprofil.pl\/index.php\/wp-json\/wp\/v2\/pages\/82\/revisions\/447"}],"wp:attachment":[{"href":"https:\/\/geoprofil.pl\/index.php\/wp-json\/wp\/v2\/media?parent=82"}],"curies":[{"name":"wp","href":"https:\/\/api.w.org\/{rel}","templated":true}]}}