{"id":94,"date":"2016-11-12T03:31:57","date_gmt":"2016-11-12T02:31:57","guid":{"rendered":"http:\/\/geoprofil.pl\/?page_id=94"},"modified":"2019-11-03T01:11:14","modified_gmt":"2019-11-03T00:11:14","slug":"geologia-inzynierska-i-geotechnika","status":"publish","type":"page","link":"https:\/\/geoprofil.pl\/index.php\/oferta\/geologia-inzynierska-i-geotechnika\/","title":{"rendered":"GEOLOGIA IN\u017bYNIERSKA I GEOTECHNIKA"},"content":{"rendered":"<div class='content-column three_fourth'><div style=\"padding-right:20px;\"><ul>\n<li style=\"text-align: left;\">projekty prac geologicznych<\/li>\n<li style=\"text-align: left;\">dokumentacje geologiczno &#8211; in\u017cynierskie<\/li>\n<li style=\"text-align: left;\">ustalanie geotechnicznych warunk\u00f3w posadowienia obiekt\u00f3w budowlanych<\/li>\n<li style=\"text-align: left;\">dokumentacje geologiczno &#8211; in\u017cynierskie wykonywane dla sk\u0142adowania odpad\u00f3w na powierzchni<\/li>\n<\/ul><\/div><\/div>\n<div class='content-column one_fourth last_column'><p><img loading=\"lazy\" decoding=\"async\" class=\"size-full wp-image-478 aligncenter\" src=\"http:\/\/geoprofil.pl\/wp-content\/uploads\/2019\/11\/swidry.jpg\" alt=\"\" width=\"285\" height=\"214\" \/><\/p><\/div><div class='clear_column'><\/div>\n","protected":false},"excerpt":{"rendered":"","protected":false},"author":1,"featured_media":0,"parent":20,"menu_order":0,"comment_status":"closed","ping_status":"closed","template":"","meta":{"footnotes":""},"class_list":["post-94","page","type-page","status-publish","hentry"],"_links":{"self":[{"href":"https:\/\/geoprofil.pl\/index.php\/wp-json\/wp\/v2\/pages\/94","targetHints":{"allow":["GET"]}}],"collection":[{"href":"https:\/\/geoprofil.pl\/index.php\/wp-json\/wp\/v2\/pages"}],"about":[{"href":"https:\/\/geoprofil.pl\/index.php\/wp-json\/wp\/v2\/types\/page"}],"author":[{"embeddable":true,"href":"https:\/\/geoprofil.pl\/index.php\/wp-json\/wp\/v2\/users\/1"}],"replies":[{"embeddable":true,"href":"https:\/\/geoprofil.pl\/index.php\/wp-json\/wp\/v2\/comments?post=94"}],"version-history":[{"count":7,"href":"https:\/\/geoprofil.pl\/index.php\/wp-json\/wp\/v2\/pages\/94\/revisions"}],"predecessor-version":[{"id":479,"href":"https:\/\/geoprofil.pl\/index.php\/wp-json\/wp\/v2\/pages\/94\/revisions\/479"}],"up":[{"embeddable":true,"href":"https:\/\/geoprofil.pl\/index.php\/wp-json\/wp\/v2\/pages\/20"}],"wp:attachment":[{"href":"https:\/\/geoprofil.pl\/index.php\/wp-json\/wp\/v2\/media?parent=94"}],"curies":[{"name":"wp","href":"https:\/\/api.w.org\/{rel}","templated":true}]}}